{"id":1081,"date":"2023-09-06T18:19:31","date_gmt":"2023-09-06T16:19:31","guid":{"rendered":"https:\/\/hauhof.de\/?page_id=1081"},"modified":"2025-10-06T14:03:17","modified_gmt":"2025-10-06T12:03:17","slug":"angebot","status":"publish","type":"page","link":"https:\/\/hauhof.de\/?page_id=1081","title":{"rendered":"Angebot"},"content":{"rendered":"\n<figure class=\"wp-block-image size-large\"><img loading=\"lazy\" decoding=\"async\" width=\"1024\" height=\"229\" src=\"https:\/\/hauhof.de\/wp-content\/uploads\/2023\/09\/Zimmer-Hauhof-1024x229.jpg\" alt=\"zimmeransicht\" class=\"wp-image-1441\" srcset=\"https:\/\/hauhof.de\/wp-content\/uploads\/2023\/09\/Zimmer-Hauhof-1024x229.jpg 1024w, https:\/\/hauhof.de\/wp-content\/uploads\/2023\/09\/Zimmer-Hauhof-300x67.jpg 300w, https:\/\/hauhof.de\/wp-content\/uploads\/2023\/09\/Zimmer-Hauhof-768x172.jpg 768w, https:\/\/hauhof.de\/wp-content\/uploads\/2023\/09\/Zimmer-Hauhof.jpg 1286w\" sizes=\"auto, (max-width: 1024px) 100vw, 1024px\" \/><\/figure>\n\n\n\n<p>Hier eine kurze Beschreibung des Angebotes:<br><br>&#8211; Zimmer mit TV\/F\u00f6n\/Wecker\/Bad des weiteren<br><br>&#8211; **Internetzugang** (kostenlos) ebenso gibt es\u00a0<br><br>-** Biofr\u00fchst\u00fcck** auf Anfrage ab 7 Uhr manchmal auch fr\u00fcher.<br><br>&#8211; **K\u00fcchennutzung auf Anfrage zur Selbstversorgung**<br><br>&#8211; Garten\/Terrasse\/Grillplatz<br><br>&#8211; Aufenthaltsraum mit Clavinova und Spielen<br><br>&#8211; Kinderfreundlich<br><br>&#8211; Haustiere auf Anfrage<br><br>&#8211; W\u00e4scheservice nur auf Anfrage, Waschsalon in Aschaffenburg<br><br>&#8211; **Gro\u00dfer Parkplatz**<br><br>&#8211; Fahrrad\/Motorradgarage<br><br>&#8211; Handwerker willkommen<br><br>&#8211; \u00d6kologische Betriebsf\u00fchrung<br><br>&#8211; Bibliothek<br><br>&#8211; Landschaftsf\u00fchrungen im Naturpark Spessart<\/p>\n\n\n\n<p>&#8211; Seminare wahlweise mit Voll oder Selbstverpflegung<br><br>\u00a03 unserer Zimmer haben ein eigenes WC zur alleinigen Nutzung direkt neben dem Zimmer auf dem Gang<br><br>Fragen Sie einfach nach, dann beantworten wir alle Ihre Fragen gerne.<\/p>\n\n\n\n<figure class=\"wp-block-image size-large\"><img loading=\"lazy\" decoding=\"async\" width=\"1024\" height=\"291\" src=\"https:\/\/hauhof.de\/wp-content\/uploads\/2023\/10\/Zimmer-6228-web-1024x291.jpg\" alt=\"Pension-Zimmer-Dusche\" class=\"wp-image-1811\" srcset=\"https:\/\/hauhof.de\/wp-content\/uploads\/2023\/10\/Zimmer-6228-web-1024x291.jpg 1024w, https:\/\/hauhof.de\/wp-content\/uploads\/2023\/10\/Zimmer-6228-web-300x85.jpg 300w, https:\/\/hauhof.de\/wp-content\/uploads\/2023\/10\/Zimmer-6228-web-768x218.jpg 768w, https:\/\/hauhof.de\/wp-content\/uploads\/2023\/10\/Zimmer-6228-web-1536x436.jpg 1536w, https:\/\/hauhof.de\/wp-content\/uploads\/2023\/10\/Zimmer-6228-web-2048x582.jpg 2048w\" sizes=\"auto, (max-width: 1024px) 100vw, 1024px\" \/><\/figure>\n\n\n\n<p><br><br><\/p>\n","protected":false},"excerpt":{"rendered":"<p>Hier eine kurze Beschreibung des Angebotes: &#8211; Zimmer mit TV\/F\u00f6n\/Wecker\/Bad des weiteren &#8211; **Internetzugang** (kostenlos) ebenso gibt es\u00a0 -** Biofr\u00fchst\u00fcck** [&hellip;]<\/p>\n","protected":false},"author":1,"featured_media":0,"parent":0,"menu_order":0,"comment_status":"closed","ping_status":"closed","template":"","meta":{"footnotes":""},"class_list":["post-1081","page","type-page","status-publish","hentry"],"_links":{"self":[{"href":"https:\/\/hauhof.de\/index.php?rest_route=\/wp\/v2\/pages\/1081","targetHints":{"allow":["GET"]}}],"collection":[{"href":"https:\/\/hauhof.de\/index.php?rest_route=\/wp\/v2\/pages"}],"about":[{"href":"https:\/\/hauhof.de\/index.php?rest_route=\/wp\/v2\/types\/page"}],"author":[{"embeddable":true,"href":"https:\/\/hauhof.de\/index.php?rest_route=\/wp\/v2\/users\/1"}],"replies":[{"embeddable":true,"href":"https:\/\/hauhof.de\/index.php?rest_route=%2Fwp%2Fv2%2Fcomments&post=1081"}],"version-history":[{"count":5,"href":"https:\/\/hauhof.de\/index.php?rest_route=\/wp\/v2\/pages\/1081\/revisions"}],"predecessor-version":[{"id":3231,"href":"https:\/\/hauhof.de\/index.php?rest_route=\/wp\/v2\/pages\/1081\/revisions\/3231"}],"wp:attachment":[{"href":"https:\/\/hauhof.de\/index.php?rest_route=%2Fwp%2Fv2%2Fmedia&parent=1081"}],"curies":[{"name":"wp","href":"https:\/\/api.w.org\/{rel}","templated":true}]}}