{"id":1141,"date":"2023-09-06T18:23:09","date_gmt":"2023-09-06T16:23:09","guid":{"rendered":"https:\/\/hauhof.de\/?page_id=1141"},"modified":"2025-11-14T13:13:22","modified_gmt":"2025-11-14T12:13:22","slug":"preise","status":"publish","type":"page","link":"https:\/\/hauhof.de\/?page_id=1141","title":{"rendered":"Preise"},"content":{"rendered":"\n<div class=\"wp-block-group\"><div class=\"wp-block-group__inner-container is-layout-constrained wp-block-group-is-layout-constrained\">\n<p><br><strong>\u00dcbernachtung im Doppelzimmer pro Person\/Nacht:<\/strong><br><br>1 Nacht 40,00 EUR<\/p>\n\n\n\n<p>2 \u2013 4 N\u00e4chte 35,00 EUR<br><br>5 \u2013 7 N\u00e4chte 30,00 EUR<br><\/p>\n<\/div><\/div>\n\n\n\n<p><strong>\u00dcbernachtung im Einzelzimmer<\/strong><br><br>1&nbsp;&nbsp;&#8211; 4&nbsp;&nbsp;&nbsp;&nbsp;&nbsp;&nbsp; N\u00e4chte&nbsp;&nbsp;&nbsp;&nbsp;&nbsp;&nbsp;&nbsp;&nbsp;45,00 EUR<\/p>\n\n\n\n<p>5 &#8211; 7&nbsp;&nbsp;&nbsp;&nbsp;&nbsp;&nbsp; N\u00e4chte&nbsp;&nbsp;&nbsp;&nbsp;&nbsp;&nbsp;&nbsp; 40,00 EUR<br><br><br><br>Sollte kein Einzelzimmer  frei sein und Sie m\u00f6chten ein Doppelzimmer alleine nutzen<br><br>kostet dies&nbsp;&nbsp; <strong>50 Euro<\/strong>&nbsp;&nbsp;am Tag.<\/p>\n\n\n\n<p><strong>Kinder bis 12<\/strong> erhalten <strong>50% Nachlass<\/strong> im eigenem Bett<br><br>Kinder <strong>unter 3<\/strong> schlafen<strong> kostenfre<\/strong>i im Bett der Eltern<br><br>Bei <strong>Haustieren<\/strong> berechnen wir<strong> 5 EUR<\/strong> Reinigungszuschlag<\/p>\n\n\n\n<p>Zahlung bei Anreise Bar oder via \u00dcberweisung<br><br>Langzeitaufenhalte auf Anfrage. Preise ab Oktober 2025<br><br><\/p>\n\n\n\n<p><strong>K\u00fcchennutzung zur Selbstversorgung auf Anfrage m\u00f6glich<\/strong><br><br>Ebenso bereiten wir Ihnen&nbsp; &nbsp;<strong>auf Anfrage&nbsp; <\/strong>ein&nbsp;&nbsp; <strong>leckeres Bio-Fr\u00fchst\u00fcck<\/strong> f\u00fcr&nbsp;<strong>15 Euro pro Person<\/strong><\/p>\n\n\n\n<p>Hei\u00dfgetr\u00e4nk, Kaltgetr\u00e4nk, 2 Br\u00f6tchen,&nbsp; Aufstrich, K\u00e4se, Marmelade, Obst, Gem\u00fcse, Joghurt oder Ei<\/p>\n\n\n\n<p>Auf Wunsch auch mit Wurst<br><br><strong>in der Regel<\/strong>&nbsp;&nbsp;&nbsp;&nbsp; <strong>ab 7 Uhr<\/strong><br><br>auf Anfrage bei mehreren Personen nach Absprache und M\u00f6glichkeit gerne auch fr\u00fcher<\/p>\n\n\n\n<p><\/p>\n","protected":false},"excerpt":{"rendered":"<p>\u00dcbernachtung im Doppelzimmer pro Person\/Nacht: 1 Nacht 40,00 EUR 2 \u2013 4 N\u00e4chte 35,00 EUR 5 \u2013 7 N\u00e4chte 30,00 [&hellip;]<\/p>\n","protected":false},"author":1,"featured_media":0,"parent":0,"menu_order":0,"comment_status":"closed","ping_status":"closed","template":"","meta":{"footnotes":""},"class_list":["post-1141","page","type-page","status-publish","hentry"],"_links":{"self":[{"href":"https:\/\/hauhof.de\/index.php?rest_route=\/wp\/v2\/pages\/1141","targetHints":{"allow":["GET"]}}],"collection":[{"href":"https:\/\/hauhof.de\/index.php?rest_route=\/wp\/v2\/pages"}],"about":[{"href":"https:\/\/hauhof.de\/index.php?rest_route=\/wp\/v2\/types\/page"}],"author":[{"embeddable":true,"href":"https:\/\/hauhof.de\/index.php?rest_route=\/wp\/v2\/users\/1"}],"replies":[{"embeddable":true,"href":"https:\/\/hauhof.de\/index.php?rest_route=%2Fwp%2Fv2%2Fcomments&post=1141"}],"version-history":[{"count":23,"href":"https:\/\/hauhof.de\/index.php?rest_route=\/wp\/v2\/pages\/1141\/revisions"}],"predecessor-version":[{"id":3391,"href":"https:\/\/hauhof.de\/index.php?rest_route=\/wp\/v2\/pages\/1141\/revisions\/3391"}],"wp:attachment":[{"href":"https:\/\/hauhof.de\/index.php?rest_route=%2Fwp%2Fv2%2Fmedia&parent=1141"}],"curies":[{"name":"wp","href":"https:\/\/api.w.org\/{rel}","templated":true}]}}