{"id":1171,"date":"2023-09-06T18:26:07","date_gmt":"2023-09-06T16:26:07","guid":{"rendered":"https:\/\/hauhof.de\/?page_id=1171"},"modified":"2025-10-06T14:07:19","modified_gmt":"2025-10-06T12:07:19","slug":"storno","status":"publish","type":"page","link":"https:\/\/hauhof.de\/?page_id=1171","title":{"rendered":"Storno"},"content":{"rendered":"\n<p>Stornoregelungen Die Pension Hauhof<\/p>\n\n\n\n<p>Die Buchung kann bis 14 Tage vor Anreisetag kostenlos storniert werden.<\/p>\n\n\n\n<p>Danach sind wir stets bem\u00fcht die Zimmer neu zu vergeben.<\/p>\n\n\n\n<p>Bei einer Weitervermittlung der Zimmer entfallen jegliche Stornogeb\u00fchren!<\/p>\n\n\n\n<p>Sollte dies jedoch nicht m\u00f6glich sein, sind wir berechtigt<\/p>\n\n\n\n<p>60% des Gesamtpreises in Rechnung zu stellen.<\/p>\n\n\n\n<p>Bei Nichtbelegung der gebuchten Zimmer, ohne Absage, werden<\/p>\n\n\n\n<p>100% des Gesamtpreises in Rechnung gestellt.<\/p>\n\n\n\n<p>Die Stornierung bedarf ausschlie\u00dflich der schriftlichen Form (z.B. durch das [Anfrageformular]()), in Zusammenhang einer R\u00fcckbest\u00e4tigung unsererseits.<\/p>\n\n\n\n<p>Telefonische Stornierungen nur in dringenden F\u00e4llen.<\/p>\n","protected":false},"excerpt":{"rendered":"<p>Stornoregelungen Die Pension Hauhof Die Buchung kann bis 14 Tage vor Anreisetag kostenlos storniert werden. Danach sind wir stets bem\u00fcht [&hellip;]<\/p>\n","protected":false},"author":1,"featured_media":0,"parent":0,"menu_order":0,"comment_status":"closed","ping_status":"closed","template":"","meta":{"footnotes":""},"class_list":["post-1171","page","type-page","status-publish","hentry"],"_links":{"self":[{"href":"https:\/\/hauhof.de\/index.php?rest_route=\/wp\/v2\/pages\/1171","targetHints":{"allow":["GET"]}}],"collection":[{"href":"https:\/\/hauhof.de\/index.php?rest_route=\/wp\/v2\/pages"}],"about":[{"href":"https:\/\/hauhof.de\/index.php?rest_route=\/wp\/v2\/types\/page"}],"author":[{"embeddable":true,"href":"https:\/\/hauhof.de\/index.php?rest_route=\/wp\/v2\/users\/1"}],"replies":[{"embeddable":true,"href":"https:\/\/hauhof.de\/index.php?rest_route=%2Fwp%2Fv2%2Fcomments&post=1171"}],"version-history":[{"count":2,"href":"https:\/\/hauhof.de\/index.php?rest_route=\/wp\/v2\/pages\/1171\/revisions"}],"predecessor-version":[{"id":3261,"href":"https:\/\/hauhof.de\/index.php?rest_route=\/wp\/v2\/pages\/1171\/revisions\/3261"}],"wp:attachment":[{"href":"https:\/\/hauhof.de\/index.php?rest_route=%2Fwp%2Fv2%2Fmedia&parent=1171"}],"curies":[{"name":"wp","href":"https:\/\/api.w.org\/{rel}","templated":true}]}}