{"id":1281,"date":"2023-09-12T12:26:59","date_gmt":"2023-09-12T10:26:59","guid":{"rendered":"https:\/\/hauhof.de\/?page_id=1281"},"modified":"2025-10-06T13:58:30","modified_gmt":"2025-10-06T11:58:30","slug":"das-ist-uns-wichtig","status":"publish","type":"page","link":"https:\/\/hauhof.de\/?page_id=1281","title":{"rendered":"das ist uns wichtig"},"content":{"rendered":"\n<figure class=\"wp-block-image size-full\"><img loading=\"lazy\" decoding=\"async\" width=\"400\" height=\"280\" src=\"https:\/\/hauhof.de\/wp-content\/uploads\/2025\/05\/2020-07-23-Grafik_UnterstAtzer_bis_400px-mma.png\" alt=\"\" class=\"wp-image-2611\" srcset=\"https:\/\/hauhof.de\/wp-content\/uploads\/2025\/05\/2020-07-23-Grafik_UnterstAtzer_bis_400px-mma.png 400w, https:\/\/hauhof.de\/wp-content\/uploads\/2025\/05\/2020-07-23-Grafik_UnterstAtzer_bis_400px-mma-300x210.png 300w\" sizes=\"auto, (max-width: 400px) 100vw, 400px\" \/><\/figure>\n\n\n\n<p><\/p>\n\n\n\n<p>Der heutige Betrieb und die Renovierung der einzelnen Zimmer erfolgt nach \u00f6kologischen Kriterien und dies kommt durch umweltbewusstes Handeln zum Ausdruck.<\/p>\n\n\n\n<p>Der nachhaltige Umgang mit allen Ressourcen ist unser wichtigstes Anliegen in der<\/p>\n\n\n\n<p>Firmenphilosophie<\/p>\n\n\n\n<p>Wir achten auf einen sparsamen Umgang mit Wasser, Energie und Rohstoffen<\/p>\n\n\n\n<p>Wir verwenden Naturstrom.<\/p>\n\n\n\n<p>Unsere Arbeitsger\u00e4te haben Energieklasse A+++<\/p>\n\n\n\n<p>Wir verwenden ausschlie\u00dflich nat\u00fcrliche\/\u00f6kologische Reiniger<\/p>\n\n\n\n<p>Unsere Bettw\u00e4sche und Handt\u00fccher werden mit \u00f6kologischen Waschmitteln gepflegt,<br>sind aus Bio-Baumwolle und stammen aus fairem Handel.<\/p>\n\n\n\n<p>Unsere verwendeten Lebensmittel stammen bevorzugt aus regionalen <\/p>\n\n\n\n<p>\u00f6kologisch Fairtrade arbeitenden Betrieben.<\/p>\n\n\n\n<p>Milch und Butter beziehen wir aus Muttertier Milchhaltung Demeter\/Bioland,<\/p>\n\n\n\n<p>Ein Merkmal der Muttertierhaltung ist dass dort die neugeborenen K\u00e4lbchen bei der Mutterkuh trinken d\u00fcrfen und nicht wie bei herk\u00f6mmlicher Milchviehhaltung direkt nach der Geburt von den Muttertieren getrennt werden.<\/p>\n\n\n\n<p>Die Fr\u00fchst\u00fcckseier stammen aus Demeter-Tierhaltung<\/p>\n\n\n\n<p>Wurst aus Biolandproduktion &#8211;<\/p>\n\n\n\n<p>Fr\u00fcchte Gem\u00fcse Marmelade Honig Aufstrich und Saft ebenfalls in Bioqulit\u00e4t, zum Teil Fairtrade gehandelt.<\/p>\n\n\n\n<p>Sehr gerne bieten wir auf Wunsch Vegetarisches Fr\u00fchst\u00fcck an.<\/p>\n\n\n\n<p>Unsere W\u00e4sche ist aus biologisch angebauter Baumwolle.<\/p>\n\n\n\n<p>F\u00fcr die Reinigung der Zimmer verwenden wir ausschliesslich Bio-Putzmittel.<\/p>\n\n\n\n<p><strong><br>WIR RESPEKTIEREN DIE MENSCHENRECHTE<\/strong><\/p>\n\n\n\n<p>Wir lehnen jegliche Form von Diskriminierung ab.<\/p>\n\n\n\n<p><strong>WIR ENGAGIEREN UNS IN LOKALEN GEMEINSCHAFTEN<br><\/strong>Wir haben eine Patenschaft in \u00c4thiopien und setzen uns f\u00fcr nachhaltige Lieferketten ein.<\/p>\n\n\n\n<p><strong>Wir wollen mit all unserem Tun einen positiven Einfluss aus\u00fcben, ein Beispiel geben und eine bessere Welt f\u00fcr k\u00fcnftige Generationen schaffen.<br><\/strong>Die Gemeinwohl-\u00d6konomie etabliert ein ethisches Wirtschaftsmodell.<\/p>\n\n\n\n<p>Das Wohl von Mensch und Umwelt wird zum obersten Ziel des Wirtschaftens.<\/p>\n\n\n\n<p>Mit Ethik zum Erfolg<\/p>\n\n\n\n<p>Die Gemeinwohl-\u00d6konomie (GW\u00d6) ist ein innovatives, nachhaltiges Wirtschaftsmodell mit dem Ziel einer ethischen Wirtschaftskultur. Als Alternative zum gegenw\u00e4rtigen Wirtschaftsverst\u00e4ndnis baut sie auf den Werten Menschenw\u00fcrde, \u00f6kologische Verantwortung, Solidarit\u00e4t, soziale Gerechtigkeit, demokratische Mitbestimmung und Transparenz auf.<\/p>\n\n\n\n<p>Hinter der Gemeinwohl-\u00d6konomie steht die \u00dcberzeugung, dass die dr\u00e4ngenden Herausforderungen unserer Zeit \u2013 von der Ressourcenknappheit \u00fcber die Klimakrise, vom Verlust der Artenvielfalt bis hin zur gr\u00f6\u00dfer werdenden Kluft zwischen Arm und Reich \u2013 Folgen des Kapitalismus sind und nur ganzheitlich und systemisch zu l\u00f6sen sind. Als nachhaltiges Wirtschaftssystem bietet die Gemeinwohl-\u00d6konomie eine Alternative mit konkreten Tools.<\/p>\n\n\n\n<p>Wir unterst\u00fctzen die Idee der Gemeinwohl-\u00d6konomie und sind Mitgliedsunternehmen <\/p>\n\n\n\n<p><\/p>\n","protected":false},"excerpt":{"rendered":"<p>Der heutige Betrieb und die Renovierung der einzelnen Zimmer erfolgt nach \u00f6kologischen Kriterien und dies kommt durch umweltbewusstes Handeln zum [&hellip;]<\/p>\n","protected":false},"author":1,"featured_media":2611,"parent":0,"menu_order":0,"comment_status":"closed","ping_status":"closed","template":"","meta":{"footnotes":""},"class_list":["post-1281","page","type-page","status-publish","has-post-thumbnail","hentry"],"_links":{"self":[{"href":"https:\/\/hauhof.de\/index.php?rest_route=\/wp\/v2\/pages\/1281","targetHints":{"allow":["GET"]}}],"collection":[{"href":"https:\/\/hauhof.de\/index.php?rest_route=\/wp\/v2\/pages"}],"about":[{"href":"https:\/\/hauhof.de\/index.php?rest_route=\/wp\/v2\/types\/page"}],"author":[{"embeddable":true,"href":"https:\/\/hauhof.de\/index.php?rest_route=\/wp\/v2\/users\/1"}],"replies":[{"embeddable":true,"href":"https:\/\/hauhof.de\/index.php?rest_route=%2Fwp%2Fv2%2Fcomments&post=1281"}],"version-history":[{"count":4,"href":"https:\/\/hauhof.de\/index.php?rest_route=\/wp\/v2\/pages\/1281\/revisions"}],"predecessor-version":[{"id":3211,"href":"https:\/\/hauhof.de\/index.php?rest_route=\/wp\/v2\/pages\/1281\/revisions\/3211"}],"wp:featuredmedia":[{"embeddable":true,"href":"https:\/\/hauhof.de\/index.php?rest_route=\/wp\/v2\/media\/2611"}],"wp:attachment":[{"href":"https:\/\/hauhof.de\/index.php?rest_route=%2Fwp%2Fv2%2Fmedia&parent=1281"}],"curies":[{"name":"wp","href":"https:\/\/api.w.org\/{rel}","templated":true}]}}