{"id":841,"date":"2023-08-09T18:12:59","date_gmt":"2023-08-09T16:12:59","guid":{"rendered":"https:\/\/hauhof.de\/?page_id=841"},"modified":"2025-10-06T14:13:11","modified_gmt":"2025-10-06T12:13:11","slug":"home2","status":"publish","type":"page","link":"https:\/\/hauhof.de\/","title":{"rendered":"Die Pension Hauhof"},"content":{"rendered":"\n<p><br>F\u00fcr Zimmerreservierungen rufen Sie uns bitte an oder senden eine mail,<br>oder verwenden Sie unser Kontaktformular, verbindliche Reservierungen nur schriftlich!<\/p>\n\n\n\n<p>Telefon: +49 (0) 6029 40 28<br>E-Mail: willkommen@hauhof.de<\/p>\n\n\n\n<p>               <a href=\"mailto:willkommen@hauhof.de\">E-mail<\/a><\/p>\n\n\n\n<figure class=\"wp-block-image size-large is-resized\"><img loading=\"lazy\" decoding=\"async\" width=\"1024\" height=\"724\" src=\"https:\/\/hauhof.de\/wp-content\/uploads\/2023\/09\/hauhofanzeige5logo_web-1024x724.jpg\" alt=\"\" class=\"wp-image-1211\" style=\"width:561px;height:537px\" srcset=\"https:\/\/hauhof.de\/wp-content\/uploads\/2023\/09\/hauhofanzeige5logo_web-1024x724.jpg 1024w, https:\/\/hauhof.de\/wp-content\/uploads\/2023\/09\/hauhofanzeige5logo_web-300x212.jpg 300w, https:\/\/hauhof.de\/wp-content\/uploads\/2023\/09\/hauhofanzeige5logo_web-768x543.jpg 768w, https:\/\/hauhof.de\/wp-content\/uploads\/2023\/09\/hauhofanzeige5logo_web-1536x1086.jpg 1536w, https:\/\/hauhof.de\/wp-content\/uploads\/2023\/09\/hauhofanzeige5logo_web-2048x1448.jpg 2048w\" sizes=\"auto, (max-width: 1024px) 100vw, 1024px\" \/><\/figure>\n\n\n\n<p><\/p>\n\n\n\n<p>Der Hauhof wurde urspr\u00fcnglich als forst- und landwirtschaftliches Anwesen gebaut und betrieben.<br>1594 erstmalig als Hawenhof erw\u00e4hnt,<br>war der Hauhof einst kurmainzische und k\u00f6niglich bayerische Staatsdom\u00e4ne.<br>Der Name Hauhof leitet sich von der Haubergswirtschaft ab,<br>einer fr\u00fchen Form der Forstwirtschaft.<br>Der Hof befindet sich zwischen den Ortsteilen Schimborn und K\u00f6nigshofen des Markt M\u00f6mbris.<br>Wir liegen direkt am Kahltal-Spessart-Radweg .<br>Auch der Degenweg f\u00fchrt am Hauhof vorbei.<br>Details zu beiden Wegen unter [Info\/Links]()<br>1927 wurde eine Apfelweinkelterei und eine Limonadenfabrik betrieben.<br>1949 er\u00f6ffnete der Landgasthof Hauhof.<br>1984 erfolgte dann der Anbau der Zimmer und die Pension wurde<br>von Familie Rosa und Erwin Rosenberger er\u00f6ffnet.<\/p>\n\n\n\n<p>Die Pension Hauhof liegt im Vorspessart, n\u00e4heres unter [Anfahrt]<\/p>\n\n\n\n<p>Unter der Leitung von Evelyn Wissel-Rosenberger ist Die Pension Hauhof<br>Mitgliedsunternehmen der Gemeinwohl-\u00d6konomie-Initiative vorderer Spessart<\/p>\n\n\n\n<p>Der heutige Betrieb und die Renovierung der einzelnen Zimmer erfolgt nach \u00f6kologischen Kriterien.<br>Wir arbeiten nach der Gemeinwohl \u00d6konomie und verwenden Naturstrom.<br>Der nachhaltige Umgang mit allen Ressourcen zum Wohle Aller ist ein sehr wichtiges Anliegen in der Firmenphilosophie.<\/p>\n\n\n\n<p>N\u00e4heres unter [Das ist uns wichtig]<\/p>\n\n\n\n<p>Sehr gerne bieten wir auf Wunsch vegetarisches Fr\u00fchst\u00fcck an.<\/p>\n\n\n\n<p>Alle Zimmer verf\u00fcgen \u00fcber W-Lan, TV, Bad und haben Fenster mit hellem Tageslicht.<br>F\u00fcr eine Buchung kontaktieren Sie uns telefonisch oder ben\u00fctzen das [Anfrageformular.]<br>Die Buchung kann bis 14 Tage vor Anreisetag kostenlos storniert werden.<br>N\u00e4heres dazu in unseren [Stornoregelungen.]<\/p>\n\n\n\n<p>Herzlichst Ihre<\/p>\n\n\n\n<p>Evelyn Wissel-Rosenberger<\/p>\n\n\n\n<p>Telefon: +49 (0) 6029 40 28<\/p>\n\n\n\n<p>E-Mail: willkommen@hauhof.de<\/p>\n\n\n\n<p>Die Pension Hauhof \/ Hauhof 4 \/ 63776 M\u00f6mbris<\/p>\n","protected":false},"excerpt":{"rendered":"<p>F\u00fcr Zimmerreservierungen rufen Sie uns bitte an oder senden eine mail,oder verwenden Sie unser Kontaktformular, verbindliche Reservierungen nur schriftlich! Telefon: [&hellip;]<\/p>\n","protected":false},"author":1,"featured_media":1211,"parent":0,"menu_order":0,"comment_status":"closed","ping_status":"closed","template":"","meta":{"footnotes":""},"class_list":["post-841","page","type-page","status-publish","has-post-thumbnail","hentry"],"_links":{"self":[{"href":"https:\/\/hauhof.de\/index.php?rest_route=\/wp\/v2\/pages\/841","targetHints":{"allow":["GET"]}}],"collection":[{"href":"https:\/\/hauhof.de\/index.php?rest_route=\/wp\/v2\/pages"}],"about":[{"href":"https:\/\/hauhof.de\/index.php?rest_route=\/wp\/v2\/types\/page"}],"author":[{"embeddable":true,"href":"https:\/\/hauhof.de\/index.php?rest_route=\/wp\/v2\/users\/1"}],"replies":[{"embeddable":true,"href":"https:\/\/hauhof.de\/index.php?rest_route=%2Fwp%2Fv2%2Fcomments&post=841"}],"version-history":[{"count":22,"href":"https:\/\/hauhof.de\/index.php?rest_route=\/wp\/v2\/pages\/841\/revisions"}],"predecessor-version":[{"id":3281,"href":"https:\/\/hauhof.de\/index.php?rest_route=\/wp\/v2\/pages\/841\/revisions\/3281"}],"wp:featuredmedia":[{"embeddable":true,"href":"https:\/\/hauhof.de\/index.php?rest_route=\/wp\/v2\/media\/1211"}],"wp:attachment":[{"href":"https:\/\/hauhof.de\/index.php?rest_route=%2Fwp%2Fv2%2Fmedia&parent=841"}],"curies":[{"name":"wp","href":"https:\/\/api.w.org\/{rel}","templated":true}]}}